{"id":121,"date":"2022-08-07T12:48:20","date_gmt":"2022-08-07T10:48:20","guid":{"rendered":"https:\/\/feldkirchenchor.at\/?page_id=121"},"modified":"2026-02-04T13:04:28","modified_gmt":"2026-02-04T12:04:28","slug":"lust-zum-singen","status":"publish","type":"page","link":"https:\/\/feldkirchenchor.at\/?page_id=121","title":{"rendered":"Lust zum Singen?"},"content":{"rendered":"\n<p>Neue Chors\u00e4ngerinnen und -s\u00e4nger sind bei uns jederzeit herzlichst willkommen! Unsere Proben finden montags von 19.30 -21.00 Uhr im Trauungssaal der Marktgemeinde Feldkirchen (linkes Geb\u00e4ude, 1.Stock) statt. <br>F\u00fcr n\u00e4here Informationen steht die Obfrau, Claudia Kollar, gerne unter 0664\/1511324 oder fkc@feldkirchenchor.at zur Verf\u00fcgung.<br>Neben der musikalischen Gestaltung der kirchlichen Hochfeste (Weihnachten, Ostern, Pfarrfest) veranstalten wir allj\u00e4hrlich ein Advent- und Sommerkonzert &#8211; Probenwochenende und Ausfl\u00fcge stellen weitere Highlights dar.<\/p>\n\n\n\n<div class=\"wp-block-columns is-layout-flex wp-container-core-columns-is-layout-9d6595d7 wp-block-columns-is-layout-flex\">\n<div class=\"wp-block-column is-layout-flow wp-block-column-is-layout-flow\">\n<figure class=\"wp-block-image size-full\"><img loading=\"lazy\" decoding=\"async\" width=\"800\" height=\"600\" src=\"https:\/\/feldkirchenchor.at\/wp-content\/uploads\/2022\/08\/lust_fasching.jpg\" alt=\"\" class=\"wp-image-219\" srcset=\"https:\/\/feldkirchenchor.at\/wp-content\/uploads\/2022\/08\/lust_fasching.jpg 800w, https:\/\/feldkirchenchor.at\/wp-content\/uploads\/2022\/08\/lust_fasching-300x225.jpg 300w, https:\/\/feldkirchenchor.at\/wp-content\/uploads\/2022\/08\/lust_fasching-768x576.jpg 768w\" sizes=\"auto, (max-width: 800px) 100vw, 800px\" \/><figcaption class=\"wp-element-caption\">Teilnahme am Faschingsumzug<\/figcaption><\/figure>\n<\/div>\n\n\n\n<div class=\"wp-block-column is-layout-flow wp-block-column-is-layout-flow\">\n<figure class=\"wp-block-image size-full\"><img loading=\"lazy\" decoding=\"async\" width=\"800\" height=\"600\" src=\"https:\/\/feldkirchenchor.at\/wp-content\/uploads\/2022\/08\/lust_schi.jpg\" alt=\"\" class=\"wp-image-220\" srcset=\"https:\/\/feldkirchenchor.at\/wp-content\/uploads\/2022\/08\/lust_schi.jpg 800w, https:\/\/feldkirchenchor.at\/wp-content\/uploads\/2022\/08\/lust_schi-300x225.jpg 300w, https:\/\/feldkirchenchor.at\/wp-content\/uploads\/2022\/08\/lust_schi-768x576.jpg 768w\" sizes=\"auto, (max-width: 800px) 100vw, 800px\" \/><figcaption class=\"wp-element-caption\">Schiausflug<\/figcaption><\/figure>\n<\/div>\n\n\n\n<div class=\"wp-block-column is-layout-flow wp-block-column-is-layout-flow\">\n<figure class=\"wp-block-image size-full\"><img loading=\"lazy\" decoding=\"async\" width=\"800\" height=\"600\" src=\"https:\/\/feldkirchenchor.at\/wp-content\/uploads\/2022\/08\/lust_weinkost.jpg\" alt=\"\" class=\"wp-image-221\" srcset=\"https:\/\/feldkirchenchor.at\/wp-content\/uploads\/2022\/08\/lust_weinkost.jpg 800w, https:\/\/feldkirchenchor.at\/wp-content\/uploads\/2022\/08\/lust_weinkost-300x225.jpg 300w, https:\/\/feldkirchenchor.at\/wp-content\/uploads\/2022\/08\/lust_weinkost-768x576.jpg 768w\" sizes=\"auto, (max-width: 800px) 100vw, 800px\" \/><figcaption class=\"wp-element-caption\">Junkerverkostung beim ehemaligen Obmann<\/figcaption><\/figure>\n<\/div>\n<\/div>\n\n\n\n<div class=\"wp-block-group is-content-justification-center is-nowrap is-layout-flex wp-container-core-group-is-layout-94bc23d7 wp-block-group-is-layout-flex\"><\/div>\n\n\n\n<p><\/p>\n","protected":false},"excerpt":{"rendered":"<p>Neue Chors\u00e4ngerinnen und -s\u00e4nger sind bei uns jederzeit herzlichst willkommen! Unsere Proben finden montags von 19.30 -21.00 Uhr im Trauungssaal der Marktgemeinde Feldkirchen (linkes Geb\u00e4ude, 1.Stock) statt. F\u00fcr n\u00e4here Informationen&hellip; <\/p>\n<div class=\"readmore-wrapper\"><a href=\"https:\/\/feldkirchenchor.at\/?page_id=121\" class=\"more-link\">Read <\/a><\/div>\n","protected":false},"author":1,"featured_media":0,"parent":0,"menu_order":0,"comment_status":"closed","ping_status":"closed","template":"","meta":{"footnotes":""},"class_list":["post-121","page","type-page","status-publish","hentry"],"_links":{"self":[{"href":"https:\/\/feldkirchenchor.at\/index.php?rest_route=\/wp\/v2\/pages\/121","targetHints":{"allow":["GET"]}}],"collection":[{"href":"https:\/\/feldkirchenchor.at\/index.php?rest_route=\/wp\/v2\/pages"}],"about":[{"href":"https:\/\/feldkirchenchor.at\/index.php?rest_route=\/wp\/v2\/types\/page"}],"author":[{"embeddable":true,"href":"https:\/\/feldkirchenchor.at\/index.php?rest_route=\/wp\/v2\/users\/1"}],"replies":[{"embeddable":true,"href":"https:\/\/feldkirchenchor.at\/index.php?rest_route=%2Fwp%2Fv2%2Fcomments&post=121"}],"version-history":[{"count":4,"href":"https:\/\/feldkirchenchor.at\/index.php?rest_route=\/wp\/v2\/pages\/121\/revisions"}],"predecessor-version":[{"id":1017,"href":"https:\/\/feldkirchenchor.at\/index.php?rest_route=\/wp\/v2\/pages\/121\/revisions\/1017"}],"wp:attachment":[{"href":"https:\/\/feldkirchenchor.at\/index.php?rest_route=%2Fwp%2Fv2%2Fmedia&parent=121"}],"curies":[{"name":"wp","href":"https:\/\/api.w.org\/{rel}","templated":true}]}}